{"id":615,"date":"2017-11-08T13:26:13","date_gmt":"2017-11-08T13:26:13","guid":{"rendered":"https:\/\/www.tflegno.it\/wordpress\/?page_id=615"},"modified":"2025-12-25T18:54:56","modified_gmt":"2025-12-25T18:54:56","slug":"privacy","status":"publish","type":"page","link":"https:\/\/www.tflegno.it\/wordpress\/privacy\/","title":{"rendered":"Informativa sulla privacy"},"content":{"rendered":"<h4><b>Informativa sulla protezione dei dati<\/b><\/h4>\n<hr \/>\n<h6 style=\"color: #727272;\"><b>(1). Titolare del trattamento dei dati:<\/b><\/h6>\n<p>Sig. Fedele Trianni di TF Legno di Trianni Fedele<br \/>\nStrada per Turro, 18 loc. San Polo<br \/>\n29027 Podenzano (PC)<br \/>\nTelefono: + 39 0523 551106<br \/>\nEmail: fedele.trianni@tflegno.it<\/p>\n<hr \/>\n<h6 style=\"color: #727272;\"><b>(2). Quali dati raccoglie la TF Legno?<\/b><\/h6>\n<p>\u00c8 possibile visitare il nostro sito in modo anonimo. Sul nostro sito sono presenti un form di contatto ed una chat-line con cui gli utenti possono inviare delle richieste per informazioni riguardanti i servizi offerti dalla TF Legno. Se si sceglie di compilare il form di contatto oppure usare la chat-line ed inviare i propri dati, verranno elaborate le seguenti categorie di dati per conto dell&#8217; utente:<\/p>\n<p><strong>(2).a.Dati dell&#8217; account<\/strong>:<br \/>\nVengono raccolti i dati di contatto, quali nome, cognome, email e numero di telefono. La TF Legno raccoglie i dati inseriti dall&#8217; utente sulla piattaforma cloud &#8220;Google-Drive&#8221;. <a href=\"https:\/\/policies.google.com\/privacy\" target=\"_blank\" rel=\"noopener\">Qui la Informativa Privacy di Google Drive <\/a>.<\/p>\n<p><strong>(2).b.Dati per l&#8217; iscrizione alla newsletter:<\/strong><br \/>\nSul nostro sito \u00e8 presente un form attraverso il quale gli utenti possono iscriversi alla nostra newsletter. Viene raccolta soltanto l&#8217; email dell&#8217; utente. Questi indirizzi email vengono inseriti nella piattaforma Mailchimp per gestire le newsletter.<a href=\"https:\/\/mailchimp.com\/legal\/privacy\/\" target=\"_blank\" rel=\"noopener\"> Qui la Informativa Privacy di Mailchimp<\/a>.<\/p>\n<p><strong>(2).c.Dati aggiuntivi:<\/strong><br \/>\n(2).c.1. &#8220;Dati acquisiti dal form&#8221;: Oltre ai dati sopra indicati, il form di contatto raccoglie i seguenti dati:<br \/>\n\u2022 la data e l&#8217; ora dell&#8217; invio;<br \/>\n\u2022 lo stato del consenso dell&#8217; utente, che costituisce prova del consenso.<br \/>\n<a href=\"https:\/\/contactform7.com\/privacy-policy\/\" target=\"_blank\" rel=\"noopener\">Qui la Informativa Privacy del form di contatto<\/a>.<\/p>\n<p>(2).c.2. &#8220;Dati acquisiti dalla chat-line&#8221;: Quando un utente usa la chat-line ed invia i dati, viene registrato il solo numero di telefono dell&#8217; utente.<br \/>\n<a href=\"https:\/\/www.whatsapp.com\/legal?eea=0#privacy-policy\">Qui la Informativa Privacy della chat-line.<\/a><\/p>\n<p>(2).c.3. &#8220;Dati acquisiti dal rilevatore statistico&#8221;: Il sito tflegno.it utilizza il sistema di rilevazione browser-based ShinyStat\u2122 Free, in grado di processare e aggregare i dati in tempo reale nel rispetto della normativa vigente in Italia in materia di Privacy dell&#8217; utenza Internet. I sistemi di analytics ShinyStat\u2122 hanno un meccanismo di <a href=\"https:\/\/www.shinystat.com\/it\/anonimizzazione_free.html\" target=\"_blank\" rel=\"noopener\">anonimizzazione dell&#8217; indirizzo IP<\/a> e di aggregazione dei dati relativi al file di log. Il meccanismo di anonimizzazione consente di evitare la richiesta del preventivo consenso degli utenti.<br \/>\n<a href=\"https:\/\/www.shinystat.com\/it\/informativa_sito.html\" target=\"_blank\" rel=\"noopener\">Qui la Informativa Privacy del sistema di rilevazione<\/a>.<\/p>\n<p>(2).c.4.&#8221;Dati acquisiti da Prosopo Procaptcha&#8221;: Il sito tflegno.it utilizza Prosopo Procaptcha (noto anche come Procaptcha), un sistema di protezione dallo spam e dai bot alternativo a CAPTCHA tradizionali, progettato per verificare se l\u2019utente \u00e8 una persona reale o un bot in modo non intrusivo e con il massimo rispetto della privacy. A differenza di altri sistemi, Procaptcha \u00e8 una soluzione privacy-first e GDPR-compliant: non raccoglie n\u00e9 memorizza dati personali eccessivi, non imposta cookie sul tuo dispositivo, non utilizza i dati per scopi pubblicitari o di profilazione e minimizza drasticamente il trattamento di informazioni personali. Il servizio si basa su tecnologie come Proof-of-Work (PoW) dinamico, sfide computazionali o rilevamento frictionless, senza storage centralizzato di dati e con elaborazione locale dove possibile. Prosopo dichiara di raccogliere zero dati o solo il minimo essenziale (come l&#8217;indirizzo IP temporaneamente per motivi di sicurezza legittima), senza possibilit\u00e0 di identificare direttamente individui e senza cessione a terzi per scopi commerciali. I dati trattati sono utilizzati esclusivamente per fornire il servizio di protezione e per migliorarne l\u2019efficacia, senza tracciamento o profilazione. Per ulteriori informazioni sul trattamento dei dati da parte di Prosopo Procaptcha, consulta: <a href=\"https:\/\/prosopo.io\/privacy-policy-service-users\/\">Privacy Policy di Prosopo<\/a>, <a href=\"https:\/\/prosopo.io\/terms-and-conditions\/\">Terms and Conditions di Prosopo<\/a>.<\/p>\n<p><strong>(2).d.Dati acquisiti dai cookies: <\/strong><br \/>\nAlcuni dati dell&#8217; utente possono essere acquisiti da cookie di terze parti installati sul sito. Per informazioni su questo tipo di dati \u00e8 possibile consultare <a href=\"https:\/\/www.tflegno.it\/wordpress\/cookies\/\" target=\"_blank\" rel=\"noopener\">la Informativa sui cookie<\/a>.<\/p>\n<hr \/>\n<h6 style=\"color: #727272;\"><b>(3). A quali fini vengono utilizzati i dati forniti?<\/b><\/h6>\n<p>Ogni singolo dato raccolto pu\u00f2 essere utilizzato per uno o pi\u00f9 dei seguenti fini:\u2022 per stabilire un canale di comunicazione primario con gli utenti;\u2022 per inviare email a cadenza periodica nonch\u00e9 aggiornamenti o informazioni relativamente a prodotti o servizi, ecc.). Se in un qualsiasi momento l&#8217; utente dovesse decidere di non voler pi\u00f9 ricevere le suddette email, potr\u00e0 cancellarsi dal servizio newsletter.<\/p>\n<hr \/>\n<h6 style=\"color: #727272;\"><b>(4). Base giuridica<\/b><\/h6>\n<p>L&#8217; elaborazione dei dati dell&#8217;utente si basa sul consenso fornito, considerando che l&#8217; interessato ha espresso il consenso al trattamento dei propri dati personali per una o pi\u00f9 specifiche finalit\u00e0 (cfr. art. 6(1)(a) del GDPR).<\/p>\n<hr \/>\n<h6 style=\"color: #727272;\"><b>(5). In che modo vengono protetti i dati del cliente?<\/b><\/h6>\n<p>La TF Legno implementa le seguenti misure tecniche, fisiche e organizzative per proteggere i dati personali dell&#8217; utente dalla distruzione accidentale o non autorizzata, dalla perdita o alterazione accidentale, dall&#8217; utilizzo, modifica, divulgazione o accesso non autorizzati, e da tutte le altre forme di elaborazioni illegali:<\/p>\n<p><strong>5.1 Disponibilit\u00e0<\/strong><br \/>\nL&#8217; azienda utilizza le ampie funzionalit\u00e0 della piattaforma cloud Google-Drive e di Mailchimp per garantire un&#8217; elevata disponibilit\u00e0 e un continuo backup di dati.<\/p>\n<p><strong>5.2 Integrit\u00e0<\/strong><br \/>\nPer garantire l&#8217; integrit\u00e0, tutti i trasferimenti di dati vengono crittografati seguendo le migliori prassi per la protezione della riservatezza e dell&#8217; integrit\u00e0 dei dati. I dati vengono trasmessi tramite la tecnologia SSL (Secure Socket Layer).<\/p>\n<p><strong>5.3 Riservatezza<\/strong><br \/>\nL&#8217; accesso ai dati personali \u00e8 effettuata da personale autorizzato. Tutto il personale \u00e8 soggetto ad un vincolo di riservatezza.<\/p>\n<p><strong>5.4 Trasparenza<\/strong><br \/>\nLa TF Legno terr\u00e0 sempre informato l&#8217; utente di variazioni dei processi di protezione della privacy e della sicurezza dei dati, incluse prassi e politiche. In qualsiasi momento \u00e8 possibile chiedere informazioni su dove e come vengono salvati, utilizzati e protetti i dati.<\/p>\n<p><strong>5.5 Isolamento<\/strong><br \/>\nL&#8217; accesso ai dati personali \u00e8 limitato al personale autorizzato.<\/p>\n<p><strong>5.6 Possibilit\u00e0 di intervenire<\/strong><br \/>\nLa TF Legno fornisce agli utenti diritti di accesso, rettifica, cancellazione, blocco e obiezione, offrendo l&#8217; opzione di inviare istruzioni all&#8217; azienda.<\/p>\n<p><strong>5.7 Monitoraggio<\/strong><br \/>\nLe piattaforme Google-Drive e Mailchimp consentono di documentare e monitorare le operazioni amministrative inclusi gli accessi al sistema.<\/p>\n<p><strong>5.8 Notifica di violazione dei dati personali<\/strong><br \/>\nNel caso in cui i dati dell&#8217; utente siano compromessi, la TF Legno informer\u00e0 l&#8217; utente stesso e le autorit\u00e0 di vigilanza con informazioni sull&#8217; entit\u00e0 della violazione, i dati interessati, con le misure volte a rendere sicuri i dati, e limitare eventuali effetti avversi sui dati personali.<\/p>\n<hr \/>\n<h6 style=\"color: #727272;\"><b>(6). Come vengono utilizzati i cookie?<\/b><\/h6>\n<p>Si rimanda alla <a href=\"https:\/\/www.tflegno.it\/wordpress\/cookies\/\" target=\"_blank\" rel=\"noopener\"> Informativa sui cookie<\/a> per maggiori informazioni sui cookie da noi utilizzati.<\/p>\n<hr \/>\n<h6 style=\"color: #727272;\"><b>(7). La TF Legno divulga i dati a terze parti?<\/b><\/h6>\n<p>La TF Legno non vende, n\u00e9 commercializza o trasferisce in alcun modo dati personali dei propri utenti a terze parti. Quanto sopra non si applica a soggetti terzi fidati o appaltatori che forniscano assistenza nella gestione del nostro sito e della nostra attivit\u00e0 o che assicurino prestazioni di servizi all&#8217; utente. Detti soggetti fidati potranno accedere ai dati personali dei clienti ogni qualvolta ci\u00f2 si renda necessario e saranno contrattualmente obbligati a mantenerli riservati.<\/p>\n<p><strong>7.1 Subappaltatori\/terze parti fidati<\/strong><br \/>\nIl titolare monitorer\u00e0 il rispetto da parte dei subappaltatori e sub-incaricati di tali standard al fine di assicurarsi che gli obblighi di protezione dei dati siano rispettati.<\/p>\n<p><strong>7.2 Divulgazioni previste dalla legge<\/strong><br \/>\nLa TF Legno non divulgher\u00e0 i dati dell&#8217; utente alle autorit\u00e0 di pubblica sicurezza, ad esclusione dei casi in cui sia stata autorizzata dall&#8217; utente o sia obbligata dalla legge. Quando l&#8217; autorit\u00e0 effettua una domanda legittima per accedere ai dati dei clienti, l&#8217; azienda cercher\u00e0 di limitare la divulgazione. In particolare, rilascer\u00e0 solo dati specifici, nella misura prevista dalla legge.<br \/>\nSe obbligata a divulgare i dati, l&#8217; azienda informer\u00e0 l&#8217; utente e fornir\u00e0 una copia della richiesta a meno che la legge non lo vieti espressamente.<\/p>\n<hr \/>\n<h6 style=\"color: #727272;\"><b>(8). Link a terze parti<\/b><\/h6>\n<p>Occasionalmente, a sua discrezione, l&#8217;azienda potrebbe presentare o offrire sul proprio sito prodotti o servizi di terze parti. Per quanto riguarda la privacy, i siti di detti soggetti adottano politiche diverse e indipendenti dalle nostre. Pertanto, l&#8217;azienda declina ogni responsabilit\u00e0 per quanto concerne il contenuto o le attivit\u00e0 di detti siti collegati. Ciononostante, l&#8217;azienda si impegna a proteggere sempre l&#8217;integrit\u00e0 del proprio sito, per questo saremo lieti di ricevere qualsiasi commento relativo ai citati siti.<\/p>\n<hr \/>\n<h6 style=\"color: #727272;\"><b>(9). Dove vengono salvati i dati dell&#8217; azienda?<\/b><\/h6>\n<p><strong>9.1 Collocazione dei dati personali <\/strong><br \/>\nTutti i dati sono salvati nel database della piattaforma Google-Drive e le mail anche nel servizio newsletter Mailchimp<\/p>\n<hr \/>\n<h6 style=\"color: #727272;\"><b>(10). Assistenza all&#8217; accesso, portabilit\u00e0 dei dati, migrazione e trasferimento<\/b><\/h6>\n<p>\u00c8 possibile richiedere conferma in qualsiasi momento alla TF LEgno circa l&#8217; elaborazione dei propri dati personali. In qualsiasi momento \u00e8 possibile richiedere una copia completa dei dati.<\/p>\n<hr \/>\n<h6 style=\"color: #727272;\"><b>(11). Richiesta di rettifica, limitazione o cancellazione dei dati personali<\/b><\/h6>\n<p><strong>11.1 Rettifica<\/strong><br \/>\nIn qualunque momento \u00e8 possibile ottenere la rettifica di dati personali inaccurati concernenti l&#8217; utente (cfr. articolo 5.6).<\/p>\n<p><strong>11.2 Limitazione all&#8217; elaborazione dei dati personali<\/strong><br \/>\nIn qualsiasi momento l&#8217; utente pu\u00f2 richiedere che l&#8217; azienda limiti l&#8217; elaborazione dei dati personali in una delle seguenti casistiche:<br \/>\na)se si contesta l&#8217; esattezza dei dati personali, per un periodo di tempo che consenta all&#8217; azienda di verificare l&#8217; esattezza degli stessi;<br \/>\nb)se l&#8217; elaborazione non \u00e8 legale e l&#8217; utente si oppone all&#8217; eliminazione dei dati personali e richiede invece una limitazione al loro uso;<br \/>\nc) se l&#8217; azienda non necessita pi\u00f9 dei dati personali allo scopo dell&#8217; elaborazione, ma gli stessi sono richiesti dall&#8217; utente per l\u2019instaurazione, esercizio o difesa di richieste legali.<\/p>\n<p><strong>11.3 Cancellazione<\/strong><br \/>\nL&#8217; utente potr\u00e0, senza indebito ritardo, richiedere la cancellazione dei dati personali che lo riguardano, e la TF Legno provveder\u00e0 alla cancellazione dei dati personali, senza indebito ritardo al verificarsi di una di queste condizioni:<br \/>\na) se i dati personali non sono pi\u00f9 necessari per lo scopo per cui sono stati raccolti o altrimenti elaborati;<br \/>\nb) se si revoca il consenso sul quale l&#8217; elaborazione si basa, e dove non sussista alcun altro obbligo legale per l\u2019elaborazione;<br \/>\nc) se l&#8217; utente si oppone all&#8217; elaborazione, nel caso in cui l&#8217; elaborazione \u00e8 legata a finalit\u00e0 di marketing diretto;<br \/>\nd) se i dati personali sono stati elaborati illegalmente;<br \/>\ne) se i dati personali devono essere cancellati in conformit\u00e0 ad un obbligo legale europeo o nazionale.<\/p>\n<hr \/>\n<h6 style=\"color: #727272;\"><b>(13). Responsabilt\u00e0<\/b><\/h6>\n<p>La TF Legno, nella persona del sig. Fedele Trianni, \u00e8 responsabile della raccolta dei dati degli utenti sul presente sito.<\/p>\n<hr \/>\n<h6 style=\"color: #727272;\"><b>(14). Collaborazione<\/b><\/h6>\n<p>La TF Legno collaborer\u00e0 con l&#8217; utente al fine di assicurare la conformit\u00e0 con le disposizioni applicabili in materia di protezione dei dati personali.<\/p>\n<hr \/>\n<h6 style=\"color: #727272;\"><b>(15). Termini di servizio<\/b><\/h6>\n<p>Invitiamo a consultare i termini di servizio in cui sono riportati informazioni circa l&#8217; uso, liberatorie e limitazioni di responsabilit\u00e0 che disciplinano l&#8217; utilizzo del nostro sito internet.<\/p>\n<hr \/>\n<h6 style=\"color: #727272;\"><b>(16). Consenso dell&#8217; utente<\/b><\/h6>\n<p>Utilizzando il nostro sito, l&#8217; utente dichiara di accettare i termini contenuti nella presente Informativa sulla privacy.<\/p>\n<hr \/>\n<h6 style=\"color: #727272;\"><b>(17). Modifiche all&#8217; informativa sulla privacy<\/b><\/h6>\n<p>Se dovessimo decidere di modificare il contenuto della nostra Informativa sulla privacy, provvederemo ad aggiornare il contenuto della presente pagina e\/o la data di modifica del corrispondente documento. L&#8217; ultima modifica alla presente Informativa \u00e8 stata apportata il 21 maggio 2018.<\/p>\n<hr \/>\n<h6 style=\"color: #727272;\"><b>(18). Reclami<\/b><\/h6>\n<p>In qualsiasi momento il cliente pu\u00f2 inoltrare un reclamo presso un&#8217; autorit\u00e0 di vigilanza in merito alla raccolta ed elaborazione dei dati personali da parte di TF Legno. In Italia \u00e8 possibile rivolgersi al <a href=\"http:\/\/www.garanteprivacy.it\/\" target=\"_blank\" rel=\"noopener\">garante della privacy<\/a>.<\/p>\n<hr \/>\n","protected":false},"excerpt":{"rendered":"<p>Informativa sulla protezione dei dati (1). Titolare del trattamento dei dati: Sig. Fedele Trianni di TF Legno di Trianni Fedele Strada per Turro, 18 loc. San Polo 29027 Podenzano (PC) Telefono: + 39 0523 551106 Email: fedele.trianni@tflegno.it (2). Quali dati raccoglie la TF Legno? \u00c8 possibile visitare il nostro sito in modo anonimo. Sul nostro [&hellip;]<\/p>\n","protected":false},"author":1,"featured_media":0,"parent":0,"menu_order":0,"comment_status":"closed","ping_status":"closed","template":"","meta":{"footnotes":""},"class_list":["post-615","page","type-page","status-publish","hentry"],"yoast_head":"<!-- This site is optimized with the Yoast SEO plugin v27.4 - https:\/\/yoast.com\/product\/yoast-seo-wordpress\/ -->\n<title>Informativa sulla privacy | tflegno.it<\/title>\n<meta name=\"description\" content=\"sezione privacy\" \/>\n<meta name=\"robots\" content=\"noindex, nofollow\" \/>\n<meta property=\"og:locale\" content=\"it_IT\" \/>\n<meta property=\"og:type\" content=\"article\" \/>\n<meta property=\"og:title\" content=\"Informativa sulla privacy | tflegno.it\" \/>\n<meta property=\"og:description\" content=\"sezione privacy\" \/>\n<meta property=\"og:url\" content=\"https:\/\/tflegno.it\/wordpress\/privacy\/\" \/>\n<meta property=\"og:site_name\" content=\"tflegno\" \/>\n<meta property=\"article:publisher\" content=\"http:\/\/www.facebook.com\/tflegno\" \/>\n<meta property=\"article:modified_time\" content=\"2025-12-25T18:54:56+00:00\" \/>\n<meta name=\"twitter:label1\" content=\"Tempo di lettura stimato\" \/>\n\t<meta name=\"twitter:data1\" content=\"10 minuti\" \/>\n<script type=\"application\/ld+json\" class=\"yoast-schema-graph\">{\"@context\":\"https:\\\/\\\/schema.org\",\"@graph\":[{\"@type\":\"WebPage\",\"@id\":\"https:\\\/\\\/tflegno.it\\\/wordpress\\\/privacy\\\/\",\"url\":\"https:\\\/\\\/tflegno.it\\\/wordpress\\\/privacy\\\/\",\"name\":\"Informativa sulla privacy | tflegno.it\",\"isPartOf\":{\"@id\":\"https:\\\/\\\/www.tflegno.it\\\/wordpress\\\/#website\"},\"datePublished\":\"2017-11-08T13:26:13+00:00\",\"dateModified\":\"2025-12-25T18:54:56+00:00\",\"description\":\"sezione privacy\",\"breadcrumb\":{\"@id\":\"https:\\\/\\\/tflegno.it\\\/wordpress\\\/privacy\\\/#breadcrumb\"},\"inLanguage\":\"it-IT\",\"potentialAction\":[{\"@type\":\"ReadAction\",\"target\":[\"https:\\\/\\\/tflegno.it\\\/wordpress\\\/privacy\\\/\"]}]},{\"@type\":\"BreadcrumbList\",\"@id\":\"https:\\\/\\\/tflegno.it\\\/wordpress\\\/privacy\\\/#breadcrumb\",\"itemListElement\":[{\"@type\":\"ListItem\",\"position\":1,\"name\":\"Home\",\"item\":\"https:\\\/\\\/www.tflegno.it\\\/wordpress\\\/\"},{\"@type\":\"ListItem\",\"position\":2,\"name\":\"Informativa sulla privacy\"}]},{\"@type\":\"WebSite\",\"@id\":\"https:\\\/\\\/www.tflegno.it\\\/wordpress\\\/#website\",\"url\":\"https:\\\/\\\/www.tflegno.it\\\/wordpress\\\/\",\"name\":\"tflegno\",\"description\":\"Case e Cose di Legno\",\"publisher\":{\"@id\":\"https:\\\/\\\/www.tflegno.it\\\/wordpress\\\/#organization\"},\"potentialAction\":[{\"@type\":\"SearchAction\",\"target\":{\"@type\":\"EntryPoint\",\"urlTemplate\":\"https:\\\/\\\/www.tflegno.it\\\/wordpress\\\/?s={search_term_string}\"},\"query-input\":{\"@type\":\"PropertyValueSpecification\",\"valueRequired\":true,\"valueName\":\"search_term_string\"}}],\"inLanguage\":\"it-IT\"},{\"@type\":\"Organization\",\"@id\":\"https:\\\/\\\/www.tflegno.it\\\/wordpress\\\/#organization\",\"name\":\"tflegno\",\"url\":\"https:\\\/\\\/www.tflegno.it\\\/wordpress\\\/\",\"logo\":{\"@type\":\"ImageObject\",\"inLanguage\":\"it-IT\",\"@id\":\"https:\\\/\\\/www.tflegno.it\\\/wordpress\\\/#\\\/schema\\\/logo\\\/image\\\/\",\"url\":\"https:\\\/\\\/www.tflegno.it\\\/wordpress\\\/wp-content\\\/uploads\\\/2025\\\/06\\\/photo_5926956114753210940_y.jpg\",\"contentUrl\":\"https:\\\/\\\/www.tflegno.it\\\/wordpress\\\/wp-content\\\/uploads\\\/2025\\\/06\\\/photo_5926956114753210940_y.jpg\",\"width\":1024,\"height\":1024,\"caption\":\"tflegno\"},\"image\":{\"@id\":\"https:\\\/\\\/www.tflegno.it\\\/wordpress\\\/#\\\/schema\\\/logo\\\/image\\\/\"},\"sameAs\":[\"http:\\\/\\\/www.facebook.com\\\/tflegno\",\"https:\\\/\\\/www.instagram.com\\\/tflegno\\\/\",\"https:\\\/\\\/www.youtube.com\\\/channel\\\/UCvO_HLw-_gee2ryy-xPl6Pw\"]}]}<\/script>\n<!-- \/ Yoast SEO plugin. -->","yoast_head_json":{"title":"Informativa sulla privacy | tflegno.it","description":"sezione privacy","robots":{"index":"noindex","follow":"nofollow"},"og_locale":"it_IT","og_type":"article","og_title":"Informativa sulla privacy | tflegno.it","og_description":"sezione privacy","og_url":"https:\/\/tflegno.it\/wordpress\/privacy\/","og_site_name":"tflegno","article_publisher":"http:\/\/www.facebook.com\/tflegno","article_modified_time":"2025-12-25T18:54:56+00:00","twitter_misc":{"Tempo di lettura stimato":"10 minuti"},"schema":{"@context":"https:\/\/schema.org","@graph":[{"@type":"WebPage","@id":"https:\/\/tflegno.it\/wordpress\/privacy\/","url":"https:\/\/tflegno.it\/wordpress\/privacy\/","name":"Informativa sulla privacy | tflegno.it","isPartOf":{"@id":"https:\/\/www.tflegno.it\/wordpress\/#website"},"datePublished":"2017-11-08T13:26:13+00:00","dateModified":"2025-12-25T18:54:56+00:00","description":"sezione privacy","breadcrumb":{"@id":"https:\/\/tflegno.it\/wordpress\/privacy\/#breadcrumb"},"inLanguage":"it-IT","potentialAction":[{"@type":"ReadAction","target":["https:\/\/tflegno.it\/wordpress\/privacy\/"]}]},{"@type":"BreadcrumbList","@id":"https:\/\/tflegno.it\/wordpress\/privacy\/#breadcrumb","itemListElement":[{"@type":"ListItem","position":1,"name":"Home","item":"https:\/\/www.tflegno.it\/wordpress\/"},{"@type":"ListItem","position":2,"name":"Informativa sulla privacy"}]},{"@type":"WebSite","@id":"https:\/\/www.tflegno.it\/wordpress\/#website","url":"https:\/\/www.tflegno.it\/wordpress\/","name":"tflegno","description":"Case e Cose di Legno","publisher":{"@id":"https:\/\/www.tflegno.it\/wordpress\/#organization"},"potentialAction":[{"@type":"SearchAction","target":{"@type":"EntryPoint","urlTemplate":"https:\/\/www.tflegno.it\/wordpress\/?s={search_term_string}"},"query-input":{"@type":"PropertyValueSpecification","valueRequired":true,"valueName":"search_term_string"}}],"inLanguage":"it-IT"},{"@type":"Organization","@id":"https:\/\/www.tflegno.it\/wordpress\/#organization","name":"tflegno","url":"https:\/\/www.tflegno.it\/wordpress\/","logo":{"@type":"ImageObject","inLanguage":"it-IT","@id":"https:\/\/www.tflegno.it\/wordpress\/#\/schema\/logo\/image\/","url":"https:\/\/www.tflegno.it\/wordpress\/wp-content\/uploads\/2025\/06\/photo_5926956114753210940_y.jpg","contentUrl":"https:\/\/www.tflegno.it\/wordpress\/wp-content\/uploads\/2025\/06\/photo_5926956114753210940_y.jpg","width":1024,"height":1024,"caption":"tflegno"},"image":{"@id":"https:\/\/www.tflegno.it\/wordpress\/#\/schema\/logo\/image\/"},"sameAs":["http:\/\/www.facebook.com\/tflegno","https:\/\/www.instagram.com\/tflegno\/","https:\/\/www.youtube.com\/channel\/UCvO_HLw-_gee2ryy-xPl6Pw"]}]}},"_links":{"self":[{"href":"https:\/\/www.tflegno.it\/wordpress\/wp-json\/wp\/v2\/pages\/615","targetHints":{"allow":["GET"]}}],"collection":[{"href":"https:\/\/www.tflegno.it\/wordpress\/wp-json\/wp\/v2\/pages"}],"about":[{"href":"https:\/\/www.tflegno.it\/wordpress\/wp-json\/wp\/v2\/types\/page"}],"author":[{"embeddable":true,"href":"https:\/\/www.tflegno.it\/wordpress\/wp-json\/wp\/v2\/users\/1"}],"replies":[{"embeddable":true,"href":"https:\/\/www.tflegno.it\/wordpress\/wp-json\/wp\/v2\/comments?post=615"}],"version-history":[{"count":4,"href":"https:\/\/www.tflegno.it\/wordpress\/wp-json\/wp\/v2\/pages\/615\/revisions"}],"predecessor-version":[{"id":4603,"href":"https:\/\/www.tflegno.it\/wordpress\/wp-json\/wp\/v2\/pages\/615\/revisions\/4603"}],"wp:attachment":[{"href":"https:\/\/www.tflegno.it\/wordpress\/wp-json\/wp\/v2\/media?parent=615"}],"curies":[{"name":"wp","href":"https:\/\/api.w.org\/{rel}","templated":true}]}}